{"id":11074,"date":"2021-06-16T10:17:43","date_gmt":"2021-06-16T10:17:43","guid":{"rendered":"https:\/\/kreator.dev\/geografija\/?page_id=11074"},"modified":"2022-12-01T20:16:35","modified_gmt":"2022-12-01T20:16:35","slug":"biblioteka","status":"publish","type":"page","link":"https:\/\/geografija.pmf.unsa.ba\/eng\/organization\/biblioteka\/","title":{"rendered":"Library"},"content":{"rendered":"<div class=\"wpb-content-wrapper\"><p>[vc_row][vc_column][vc_column_text]The first trace of the origin of the Library, i.e. the acquisition of the first collection of geographical and geological literature, dates back to the 1950s when the Department of Geography was established at the Faculty of Philosophy. This is evidenced by the first graduate thesis in the field of geography (1954), which was included in the Library&#8217;s collection. The Library of the Department of Geography was founded when the Faculty of Science, i.e. the Department of Geography, was founded ten years later. The Library was located in today&#8217;s space in 1974, and since 2012 it has been part of the Library of the Faculty of Science and Mathematics as a special professional organizational unit.<\/p>\n<p>The library is of open type, and its book collection consists of monographic (8311 volumes) and periodical (4375 volumes) publications in the field of geography, geology, and related sciences. No less important part of the fund is the final theses: diploma (1663 titles), master&#8217;s (141 titles), master&#8217;s (20 titles), and doctoral dissertations (32 titles).[\/vc_column_text][vc_single_image image=&#8221;11890&#8243; img_size=&#8221;full&#8221; css=&#8221;.vc_custom_1625822576462{padding-top: 30px !important;padding-bottom: 19px !important;}&#8221;][vc_column_text css=&#8221;.vc_custom_1669925793879{padding-bottom: 72px !important;}&#8221;]<\/p>\n<p align=\"justify\">The creation of an online catalog via COBISS.BH (Cooperative Online Bibliographic System and Service) is in progress. The online catalog can be accessed via the COBISS platform.<\/p>\n<p><a href=\"https:\/\/bh.cobiss.net\/\" target=\"_blank\" rel=\"noopener\">COBISS platforma<\/a><\/p>\n<p align=\"justify\">Tako\u0111er je u vidu kumulativne bibliografije, ra\u0111ene po ISBD standardima i sa odre\u0111enim registrima, ura\u0111ena Bibliografija doktorskih disertacija, magistarskih, master i diplomskih radova odbranjenih na Odsjeku za geografiju Prirodno-matemati\u010dkog fakulteta Univerziteta u Sarajevu u periodu 1954.-2016. godine. Bibliografija je dostupna online, a mo\u017eete je pogledati na slijede\u0107em linku:<\/p>\n<p><a href=\"https:\/\/geografija.pmf.unsa.ba\/eng\/wp-content\/uploads\/2021\/10\/Bibliografija-doktorskih-disertacija-magistarskih-master-i-diplomskih-radova-odbranjenih-na-odsjeku-za-geografiju-2016.pdf\">Bibliografija doktorskih disertacija, magistarskih, master i diplomskih radova<\/a><\/p>\n<p align=\"justify\">The Library of the Department of Geography as a separate professional unit is part of the Library of the Faculty of Science. The other four Departments at the Faculty of Science also have special professional libraries. You can find more about the PMF Library at the following link:<\/p>\n<p><a href=\"https:\/\/pmf.unsa.ba\/organizacija\/biblioteka\/\" target=\"_blank\" rel=\"noopener\">Biblioteka Prirodno-matemati\u010dkog fakulteta<\/a><\/p>\n<p>Working hours for users: 11:30 a.m. \u2013 4:00 p.m<br \/>\nBiljana Stojanovi\u0107, graduate comparativist, and librarian<br \/>\nTelephones: +387 33 723 751 (Department of Geography); +387 33 279 933 (Department of Mathematics)[\/vc_column_text][\/vc_column][\/vc_row]<\/p>\n<\/div>","protected":false},"excerpt":{"rendered":"<p>[vc_row][vc_column][vc_column_text]The first trace of the origin of the Library, i.e. the acquisition of the first collection of geographical and geological [&hellip;]<\/p>\n","protected":false},"author":1,"featured_media":0,"parent":10302,"menu_order":0,"comment_status":"closed","ping_status":"closed","template":"","meta":{"footnotes":""},"class_list":["post-11074","page","type-page","status-publish","hentry"],"_links":{"self":[{"href":"https:\/\/geografija.pmf.unsa.ba\/eng\/wp-json\/wp\/v2\/pages\/11074","targetHints":{"allow":["GET"]}}],"collection":[{"href":"https:\/\/geografija.pmf.unsa.ba\/eng\/wp-json\/wp\/v2\/pages"}],"about":[{"href":"https:\/\/geografija.pmf.unsa.ba\/eng\/wp-json\/wp\/v2\/types\/page"}],"author":[{"embeddable":true,"href":"https:\/\/geografija.pmf.unsa.ba\/eng\/wp-json\/wp\/v2\/users\/1"}],"replies":[{"embeddable":true,"href":"https:\/\/geografija.pmf.unsa.ba\/eng\/wp-json\/wp\/v2\/comments?post=11074"}],"version-history":[{"count":21,"href":"https:\/\/geografija.pmf.unsa.ba\/eng\/wp-json\/wp\/v2\/pages\/11074\/revisions"}],"predecessor-version":[{"id":13069,"href":"https:\/\/geografija.pmf.unsa.ba\/eng\/wp-json\/wp\/v2\/pages\/11074\/revisions\/13069"}],"up":[{"embeddable":true,"href":"https:\/\/geografija.pmf.unsa.ba\/eng\/wp-json\/wp\/v2\/pages\/10302"}],"wp:attachment":[{"href":"https:\/\/geografija.pmf.unsa.ba\/eng\/wp-json\/wp\/v2\/media?parent=11074"}],"curies":[{"name":"wp","href":"https:\/\/api.w.org\/{rel}","templated":true}]}}